{"id":76,"date":"2025-05-11T12:46:16","date_gmt":"2025-05-11T12:46:16","guid":{"rendered":"https:\/\/admin.enjoy-garden.co.il\/?post_type=product&#038;p=76"},"modified":"2025-10-23T09:26:10","modified_gmt":"2025-10-23T09:26:10","slug":"gazebo-dallas-medium","status":"publish","type":"product","link":"https:\/\/admin.enjoy-garden.co.il\/he\/product\/gazebo-dallas-medium\/","title":{"rendered":"Gazebo Dallas"},"content":{"rendered":"<p class=\"\" data-start=\"152\" data-end=\"384\">Apportez du style et du confort \u00e0 votre ext\u00e9rieur avec ce <strong data-start=\"210\" data-end=\"230\">gazebo de jardin<\/strong> au design \u00e9pur\u00e9.<br data-start=\"247\" data-end=\"250\" \/>Sa <strong data-start=\"253\" data-end=\"275\">structure en m\u00e9tal<\/strong> robuste est prot\u00e9g\u00e9e par une <strong data-start=\"305\" data-end=\"336\">peinture \u00e9poxy anti-rouille<\/strong>, id\u00e9ale pour r\u00e9sister aux conditions estivales.<\/p>\n<p class=\"\" data-start=\"386\" data-end=\"780\">La <strong data-start=\"389\" data-end=\"400\">canop\u00e9e<\/strong> est con\u00e7ue en <strong data-start=\"415\" data-end=\"437\">polyester 200 g\/m\u00b2<\/strong>, compl\u00e9t\u00e9e par <strong data-start=\"453\" data-end=\"475\">6 rideaux lat\u00e9raux<\/strong> (160 g\/m\u00b2) qui entourent l\u2019ensemble de la zone d\u2019assise. Les rideaux, de <strong data-start=\"549\" data-end=\"566\">couleur grise<\/strong>, sont coulissants et amovibles pour faciliter l\u2019entretien.<br data-start=\"625\" data-end=\"628\" \/>Une <strong data-start=\"632\" data-end=\"662\">grille d\u2019a\u00e9ration int\u00e9gr\u00e9e<\/strong> au sommet de la verri\u00e8re permet \u00e0 l\u2019air chaud de s\u2019\u00e9chapper et assure une circulation naturelle de l\u2019air sous l\u2019abri.<\/p>\n<p class=\"\" data-start=\"782\" data-end=\"835\">\ud83d\udccf <strong data-start=\"785\" data-end=\"801\">Dimensions :<\/strong><br data-start=\"801\" data-end=\"804\" \/>396 \u00d7 296 cm | Hauteur : 270 cm<\/p>\n<p class=\"\" data-start=\"837\" data-end=\"994\">\ud83e\uddfc <strong data-start=\"840\" data-end=\"855\">Entretien :<\/strong><br data-start=\"855\" data-end=\"858\" \/>Tous les textiles sont <strong data-start=\"881\" data-end=\"906\">amovibles et lavables<\/strong>. Il est recommand\u00e9 de retirer la toile en hiver \u2013 <strong data-start=\"957\" data-end=\"993\">non adapt\u00e9e \u00e0 la pluie prolong\u00e9e<\/strong>.<\/p>\n<hr class=\"\" data-start=\"996\" data-end=\"999\" \/>\n","protected":false},"excerpt":{"rendered":"<p>Gazebo Dallas \u2013 \u00c9l\u00e9gance et robustesse pour votre jardin<\/p>\n","protected":false},"featured_media":89,"comment_status":"open","ping_status":"closed","template":"","meta":[],"product_brand":[],"product_cat":[16],"product_tag":[],"class_list":{"0":"post-76","1":"product","2":"type-product","3":"status-publish","4":"has-post-thumbnail","6":"product_cat-parasol-voile-dombrage-gazebo","7":"product_shipping_class-livraison","9":"first","10":"instock","11":"shipping-taxable","12":"purchasable","13":"product-type-variable"},"_links":{"self":[{"href":"https:\/\/admin.enjoy-garden.co.il\/he\/wp-json\/wp\/v2\/product\/76","targetHints":{"allow":["GET"]}}],"collection":[{"href":"https:\/\/admin.enjoy-garden.co.il\/he\/wp-json\/wp\/v2\/product"}],"about":[{"href":"https:\/\/admin.enjoy-garden.co.il\/he\/wp-json\/wp\/v2\/types\/product"}],"replies":[{"embeddable":true,"href":"https:\/\/admin.enjoy-garden.co.il\/he\/wp-json\/wp\/v2\/comments?post=76"}],"wp:featuredmedia":[{"embeddable":true,"href":"https:\/\/admin.enjoy-garden.co.il\/he\/wp-json\/wp\/v2\/media\/89"}],"wp:attachment":[{"href":"https:\/\/admin.enjoy-garden.co.il\/he\/wp-json\/wp\/v2\/media?parent=76"}],"wp:term":[{"taxonomy":"product_brand","embeddable":true,"href":"https:\/\/admin.enjoy-garden.co.il\/he\/wp-json\/wp\/v2\/product_brand?post=76"},{"taxonomy":"product_cat","embeddable":true,"href":"https:\/\/admin.enjoy-garden.co.il\/he\/wp-json\/wp\/v2\/product_cat?post=76"},{"taxonomy":"product_tag","embeddable":true,"href":"https:\/\/admin.enjoy-garden.co.il\/he\/wp-json\/wp\/v2\/product_tag?post=76"}],"curies":[{"name":"wp","href":"https:\/\/api.w.org\/{rel}","templated":true}]}}