{"id":73,"date":"2025-05-11T12:43:10","date_gmt":"2025-05-11T12:43:10","guid":{"rendered":"https:\/\/admin.enjoy-garden.co.il\/?post_type=product&#038;p=73"},"modified":"2025-10-23T09:25:43","modified_gmt":"2025-10-23T09:25:43","slug":"elite","status":"publish","type":"product","link":"https:\/\/admin.enjoy-garden.co.il\/he\/product\/elite\/","title":{"rendered":"Elite"},"content":{"rendered":"<p class=\"\" data-start=\"161\" data-end=\"410\">Alliant <strong data-start=\"169\" data-end=\"200\">l\u00e9g\u00e8ret\u00e9, solidit\u00e9 et style<\/strong>, cette chaise en plastique est id\u00e9ale pour une utilisation int\u00e9rieure ou ext\u00e9rieure.<br data-start=\"285\" data-end=\"288\" \/>Son design moderne et \u00e9pur\u00e9 s\u2019adapte \u00e0 tous les environnements : jardin, terrasse, salle \u00e0 manger ou espace professionnel.<\/p>\n<ul data-start=\"412\" data-end=\"619\">\n<li class=\"\" data-start=\"412\" data-end=\"473\">\n<p class=\"\" data-start=\"414\" data-end=\"473\"><strong data-start=\"414\" data-end=\"445\">Empilable jusqu\u2019\u00e0 5 chaises<\/strong>, pour un rangement facile<\/p>\n<\/li>\n<li class=\"\" data-start=\"474\" data-end=\"543\">\n<p class=\"\" data-start=\"476\" data-end=\"543\"><strong data-start=\"476\" data-end=\"511\">Disponible en plusieurs coloris<\/strong> (voir les stocks disponibles)<\/p>\n<\/li>\n<li class=\"\" data-start=\"544\" data-end=\"619\">\n<p class=\"\" data-start=\"546\" data-end=\"619\"><strong data-start=\"546\" data-end=\"572\">Fabrication europ\u00e9enne<\/strong> (hors Turquie) \u2013 gage de qualit\u00e9 et durabilit\u00e9<\/p>\n<\/li>\n<\/ul>\n<p class=\"\" data-start=\"621\" data-end=\"639\"><strong data-start=\"621\" data-end=\"637\">Dimensions :<\/strong><\/p>\n<ul data-start=\"640\" data-end=\"736\">\n<li class=\"\" data-start=\"640\" data-end=\"659\">\n<p class=\"\" data-start=\"642\" data-end=\"659\">Largeur : 49 cm<\/p>\n<\/li>\n<li class=\"\" data-start=\"660\" data-end=\"682\">\n<p class=\"\" data-start=\"662\" data-end=\"682\">Profondeur : 55 cm<\/p>\n<\/li>\n<li class=\"\" data-start=\"683\" data-end=\"709\">\n<p class=\"\" data-start=\"685\" data-end=\"709\">Hauteur totale : 80 cm<\/p>\n<\/li>\n<li class=\"\" data-start=\"710\" data-end=\"736\">\n<p class=\"\" data-start=\"712\" data-end=\"736\">Hauteur d\u2019assise : 44 cm<\/p>\n<\/li>\n<\/ul>\n","protected":false},"excerpt":{"rendered":"<p>Pratique, color\u00e9e et empilable<\/p>\n","protected":false},"featured_media":93,"comment_status":"open","ping_status":"closed","template":"","meta":[],"product_brand":[],"product_cat":[19],"product_tag":[],"class_list":{"0":"post-73","1":"product","2":"type-product","3":"status-publish","4":"has-post-thumbnail","6":"product_cat-tables-chaises","7":"product_shipping_class-livraison","9":"first","10":"outofstock","11":"sale","12":"shipping-taxable","13":"purchasable","14":"product-type-variable"},"_links":{"self":[{"href":"https:\/\/admin.enjoy-garden.co.il\/he\/wp-json\/wp\/v2\/product\/73","targetHints":{"allow":["GET"]}}],"collection":[{"href":"https:\/\/admin.enjoy-garden.co.il\/he\/wp-json\/wp\/v2\/product"}],"about":[{"href":"https:\/\/admin.enjoy-garden.co.il\/he\/wp-json\/wp\/v2\/types\/product"}],"replies":[{"embeddable":true,"href":"https:\/\/admin.enjoy-garden.co.il\/he\/wp-json\/wp\/v2\/comments?post=73"}],"wp:featuredmedia":[{"embeddable":true,"href":"https:\/\/admin.enjoy-garden.co.il\/he\/wp-json\/wp\/v2\/media\/93"}],"wp:attachment":[{"href":"https:\/\/admin.enjoy-garden.co.il\/he\/wp-json\/wp\/v2\/media?parent=73"}],"wp:term":[{"taxonomy":"product_brand","embeddable":true,"href":"https:\/\/admin.enjoy-garden.co.il\/he\/wp-json\/wp\/v2\/product_brand?post=73"},{"taxonomy":"product_cat","embeddable":true,"href":"https:\/\/admin.enjoy-garden.co.il\/he\/wp-json\/wp\/v2\/product_cat?post=73"},{"taxonomy":"product_tag","embeddable":true,"href":"https:\/\/admin.enjoy-garden.co.il\/he\/wp-json\/wp\/v2\/product_tag?post=73"}],"curies":[{"name":"wp","href":"https:\/\/api.w.org\/{rel}","templated":true}]}}