{"id":533,"date":"2025-05-29T17:39:07","date_gmt":"2025-05-29T17:39:07","guid":{"rendered":"https:\/\/admin.enjoy-garden.co.il\/?post_type=product&#038;p=533"},"modified":"2025-05-29T18:30:36","modified_gmt":"2025-05-29T18:30:36","slug":"533","status":"publish","type":"product","link":"https:\/\/admin.enjoy-garden.co.il\/he\/product\/533\/","title":{"rendered":"Housse pour table 308 x 190 cm"},"content":{"rendered":"<div className=\"space-y-6\">\n<div className=\"grid grid-cols-1 gap-8 md:grid-cols-2\">\n<div>\n<h3 className=\"font-serif text-xl font-medium\">Housse de table de jardin \u2013 308&nbsp;x&nbsp;190&nbsp;cm<\/h3>\n<p className=\"mt-4 text-muted-foreground leading-relaxed\">\n        Prot\u00e9gez efficacement votre grande table d\u2019ext\u00e9rieur avec cette housse rectangulaire sign\u00e9e <strong>Hesperide<\/strong>,<br \/>\n        marque fran\u00e7aise r\u00e9put\u00e9e pour la qualit\u00e9 de ses accessoires de jardin.<br \/>\n        Sa conception robuste garantit une protection optimale tout au long de l\u2019ann\u00e9e.\n      <\/p>\n<p className=\"mt-4 text-muted-foreground leading-relaxed\">\n        Fabriqu\u00e9e en polyester 600D de haute qualit\u00e9 (160&nbsp;g\/m\u00b2), elle prot\u00e8ge votre mobilier contre la pluie, la poussi\u00e8re,<br \/>\n        les salissures et le soleil. Elle est dot\u00e9e de poign\u00e9es lat\u00e9rales, d\u2019ouvertures d\u2019a\u00e9ration pour \u00e9viter l\u2019humidit\u00e9,<br \/>\n        ainsi que d\u2019un cordon de serrage pour un ajustement s\u00e9curis\u00e9.\n      <\/p>\n<\/p><\/div>\n<div>\n<h3 className=\"font-serif text-xl font-medium\">Caract\u00e9ristiques<\/h3>\n<ul className=\"mt-4 space-y-3\">\n<li className=\"flex items-start gap-3\">\n<div className=\"mt-1 flex h-5 w-5 items-center justify-center rounded-full bg-[#f8f3e9] text-[#b8860b]\">\n            <svg className=\"h-3 w-3\" fill=\"none\" stroke=\"currentColor\" viewBox=\"0 0 24 24\">\n              <path strokeLinecap=\"round\" strokeLinejoin=\"round\" strokeWidth=\"2\" d=\"M5 13l4 4L19 7\" \/>\n            <\/svg>\n          <\/div>\n<p>          <span className=\"text-muted-foreground\">Marque fran\u00e7aise Hesperide \u2013 qualit\u00e9 et fiabilit\u00e9<\/span>\n        <\/li>\n<li className=\"flex items-start gap-3\">\n<div className=\"mt-1 flex h-5 w-5 items-center justify-center rounded-full bg-[#f8f3e9] text-[#b8860b]\">\n            <svg className=\"h-3 w-3\" fill=\"none\" stroke=\"currentColor\" viewBox=\"0 0 24 24\">\n              <path strokeLinecap=\"round\" strokeLinejoin=\"round\" strokeWidth=\"2\" d=\"M5 13l4 4L19 7\" \/>\n            <\/svg>\n          <\/div>\n<p>          <span className=\"text-muted-foreground\">Protection contre la pluie, le soleil, la poussi\u00e8re et la salet\u00e9<\/span>\n        <\/li>\n<li className=\"flex items-start gap-3\">\n<div className=\"mt-1 flex h-5 w-5 items-center justify-center rounded-full bg-[#f8f3e9] text-[#b8860b]\">\n            <svg className=\"h-3 w-3\" fill=\"none\" stroke=\"currentColor\" viewBox=\"0 0 24 24\">\n              <path strokeLinecap=\"round\" strokeLinejoin=\"round\" strokeWidth=\"2\" d=\"M5 13l4 4L19 7\" \/>\n            <\/svg>\n          <\/div>\n<p>          <span className=\"text-muted-foreground\">Polyester 600D haute densit\u00e9 \u2013 160&nbsp;g\/m\u00b2<\/span>\n        <\/li>\n<li className=\"flex items-start gap-3\">\n<div className=\"mt-1 flex h-5 w-5 items-center justify-center rounded-full bg-[#f8f3e9] text-[#b8860b]\">\n            <svg className=\"h-3 w-3\" fill=\"none\" stroke=\"currentColor\" viewBox=\"0 0 24 24\">\n              <path strokeLinecap=\"round\" strokeLinejoin=\"round\" strokeWidth=\"2\" d=\"M5 13l4 4L19 7\" \/>\n            <\/svg>\n          <\/div>\n<p>          <span className=\"text-muted-foreground\">Ouvertures d\u2019a\u00e9ration int\u00e9gr\u00e9es pour \u00e9viter l\u2019humidit\u00e9<\/span>\n        <\/li>\n<li className=\"flex items-start gap-3\">\n<div className=\"mt-1 flex h-5 w-5 items-center justify-center rounded-full bg-[#f8f3e9] text-[#b8860b]\">\n            <svg className=\"h-3 w-3\" fill=\"none\" stroke=\"currentColor\" viewBox=\"0 0 24 24\">\n              <path strokeLinecap=\"round\" strokeLinejoin=\"round\" strokeWidth=\"2\" d=\"M5 13l4 4L19 7\" \/>\n            <\/svg>\n          <\/div>\n<p>          <span className=\"text-muted-foreground\">Poign\u00e9es lat\u00e9rales et cordon de serrage pour un ajustement parfait<\/span>\n        <\/li>\n<\/ul><\/div>\n<\/p><\/div>\n<div className=\"mt-8 rounded-lg bg-[#f8f3e9] p-6\">\n<h4 className=\"font-serif text-lg font-medium text-[#b8860b]\">Dimensions<\/h4>\n<ul className=\"mt-2 text-muted-foreground space-y-2 list-disc list-inside\">\n<li>Longueur : 308&nbsp;cm<\/li>\n<li>Largeur : 190&nbsp;cm<\/li>\n<li>Hauteur : 80&nbsp;cm<\/li>\n<\/ul><\/div>\n<\/div>\n","protected":false},"excerpt":{"rendered":"<p>Housse de table de jardin \u2013 308&nbsp;x&nbsp;190&nbsp;cm Prot\u00e9gez efficacement votre grande table d\u2019ext\u00e9rieur avec cette housse rectangulaire sign\u00e9e Hesperide, marque fran\u00e7aise r\u00e9put\u00e9e pour la qualit\u00e9 de ses accessoires de jardin. Sa conception robuste garantit une protection optimale tout au long de l\u2019ann\u00e9e. Fabriqu\u00e9e en polyester 600D de haute qualit\u00e9 (160&nbsp;g\/m\u00b2), elle prot\u00e8ge votre mobilier contre [&hellip;]<\/p>\n","protected":false},"featured_media":536,"comment_status":"open","ping_status":"closed","template":"","meta":[],"product_brand":[],"product_cat":[15],"product_tag":[],"class_list":{"0":"post-533","1":"product","2":"type-product","3":"status-publish","4":"has-post-thumbnail","6":"product_cat-accessoires","7":"product_shipping_class-light","9":"first","10":"instock","11":"shipping-taxable","12":"purchasable","13":"product-type-simple"},"_links":{"self":[{"href":"https:\/\/admin.enjoy-garden.co.il\/he\/wp-json\/wp\/v2\/product\/533","targetHints":{"allow":["GET"]}}],"collection":[{"href":"https:\/\/admin.enjoy-garden.co.il\/he\/wp-json\/wp\/v2\/product"}],"about":[{"href":"https:\/\/admin.enjoy-garden.co.il\/he\/wp-json\/wp\/v2\/types\/product"}],"replies":[{"embeddable":true,"href":"https:\/\/admin.enjoy-garden.co.il\/he\/wp-json\/wp\/v2\/comments?post=533"}],"wp:featuredmedia":[{"embeddable":true,"href":"https:\/\/admin.enjoy-garden.co.il\/he\/wp-json\/wp\/v2\/media\/536"}],"wp:attachment":[{"href":"https:\/\/admin.enjoy-garden.co.il\/he\/wp-json\/wp\/v2\/media?parent=533"}],"wp:term":[{"taxonomy":"product_brand","embeddable":true,"href":"https:\/\/admin.enjoy-garden.co.il\/he\/wp-json\/wp\/v2\/product_brand?post=533"},{"taxonomy":"product_cat","embeddable":true,"href":"https:\/\/admin.enjoy-garden.co.il\/he\/wp-json\/wp\/v2\/product_cat?post=533"},{"taxonomy":"product_tag","embeddable":true,"href":"https:\/\/admin.enjoy-garden.co.il\/he\/wp-json\/wp\/v2\/product_tag?post=533"}],"curies":[{"name":"wp","href":"https:\/\/api.w.org\/{rel}","templated":true}]}}