{"id":529,"date":"2025-05-29T17:36:30","date_gmt":"2025-05-29T17:36:30","guid":{"rendered":"https:\/\/admin.enjoy-garden.co.il\/?post_type=product&#038;p=529"},"modified":"2026-04-20T10:46:46","modified_gmt":"2026-04-20T10:46:46","slug":"housse-pour-table-265-x-125-cm","status":"publish","type":"product","link":"https:\/\/admin.enjoy-garden.co.il\/he\/product\/housse-pour-table-265-x-125-cm\/","title":{"rendered":"Housse pour table 265 x 125 cm"},"content":{"rendered":"<div className=\"space-y-6\">\n<div className=\"grid grid-cols-1 gap-8 md:grid-cols-2\">\n<div>\n<h3 className=\"font-serif text-xl font-medium\">Housse de table ou canap\u00e9 \u2013 265&nbsp;x&nbsp;125&nbsp;cm<\/h3>\n<p className=\"mt-4 text-muted-foreground leading-relaxed\">\n        Pr\u00e9parez votre mobilier d\u2019ext\u00e9rieur pour l\u2019hiver avec cette housse de protection r\u00e9sistante et \u00e9l\u00e9gante.<br \/>\n        Con\u00e7ue pour prot\u00e9ger efficacement contre la pluie, la poussi\u00e8re, les salissures et les rayons UV, elle est id\u00e9ale pour<br \/>\n        couvrir une grande table ou un canap\u00e9 d\u2019ext\u00e9rieur tel que le mod\u00e8le Barcelona.\n      <\/p>\n<p className=\"mt-4 text-muted-foreground leading-relaxed\">\n        Fabriqu\u00e9e en polyester haute qualit\u00e9 600D (160&nbsp;g\/m\u00b2), elle dispose de trous d\u2019a\u00e9ration pour \u00e9viter<br \/>\n        la condensation, de poign\u00e9es pour une manipulation facile, et d\u2019une cordelette de serrage pour un maintien optimal m\u00eame en cas de vent.\n      <\/p>\n<\/p><\/div>\n<div>\n<h3 className=\"font-serif text-xl font-medium\">Caract\u00e9ristiques<\/h3>\n<ul className=\"mt-4 space-y-3\">\n<li className=\"flex items-start gap-3\">\n<div className=\"mt-1 flex h-5 w-5 items-center justify-center rounded-full bg-[#f8f3e9] text-[#b8860b]\">\n            <svg className=\"h-3 w-3\" fill=\"none\" stroke=\"currentColor\" viewBox=\"0 0 24 24\">\n              <path strokeLinecap=\"round\" strokeLinejoin=\"round\" strokeWidth=\"2\" d=\"M5 13l4 4L19 7\" \/>\n            <\/svg>\n          <\/div>\n<p>          <span className=\"text-muted-foreground\">Convient aux grandes tables ou canap\u00e9s type Barcelona<\/span>\n        <\/li>\n<li className=\"flex items-start gap-3\">\n<div className=\"mt-1 flex h-5 w-5 items-center justify-center rounded-full bg-[#f8f3e9] text-[#b8860b]\">\n            <svg className=\"h-3 w-3\" fill=\"none\" stroke=\"currentColor\" viewBox=\"0 0 24 24\">\n              <path strokeLinecap=\"round\" strokeLinejoin=\"round\" strokeWidth=\"2\" d=\"M5 13l4 4L19 7\" \/>\n            <\/svg>\n          <\/div>\n<p>          <span className=\"text-muted-foreground\">Prot\u00e8ge de la pluie, du soleil, de la poussi\u00e8re et de la salet\u00e9<\/span>\n        <\/li>\n<li className=\"flex items-start gap-3\">\n<div className=\"mt-1 flex h-5 w-5 items-center justify-center rounded-full bg-[#f8f3e9] text-[#b8860b]\">\n            <svg className=\"h-3 w-3\" fill=\"none\" stroke=\"currentColor\" viewBox=\"0 0 24 24\">\n              <path strokeLinecap=\"round\" strokeLinejoin=\"round\" strokeWidth=\"2\" d=\"M5 13l4 4L19 7\" \/>\n            <\/svg>\n          <\/div>\n<p>          <span className=\"text-muted-foreground\">Polyester haute qualit\u00e9 600D \u2013 160&nbsp;g\/m\u00b2<\/span>\n        <\/li>\n<li className=\"flex items-start gap-3\">\n<div className=\"mt-1 flex h-5 w-5 items-center justify-center rounded-full bg-[#f8f3e9] text-[#b8860b]\">\n            <svg className=\"h-3 w-3\" fill=\"none\" stroke=\"currentColor\" viewBox=\"0 0 24 24\">\n              <path strokeLinecap=\"round\" strokeLinejoin=\"round\" strokeWidth=\"2\" d=\"M5 13l4 4L19 7\" \/>\n            <\/svg>\n          <\/div>\n<p>          <span className=\"text-muted-foreground\">Trous d\u2019a\u00e9ration pour \u00e9viter l\u2019humidit\u00e9 et la moisissure<\/span>\n        <\/li>\n<li className=\"flex items-start gap-3\">\n<div className=\"mt-1 flex h-5 w-5 items-center justify-center rounded-full bg-[#f8f3e9] text-[#b8860b]\">\n            <svg className=\"h-3 w-3\" fill=\"none\" stroke=\"currentColor\" viewBox=\"0 0 24 24\">\n              <path strokeLinecap=\"round\" strokeLinejoin=\"round\" strokeWidth=\"2\" d=\"M5 13l4 4L19 7\" \/>\n            <\/svg>\n          <\/div>\n<p>          <span className=\"text-muted-foreground\">Poign\u00e9es int\u00e9gr\u00e9es pour une manipulation facile<\/span>\n        <\/li>\n<li className=\"flex items-start gap-3\">\n<div className=\"mt-1 flex h-5 w-5 items-center justify-center rounded-full bg-[#f8f3e9] text-[#b8860b]\">\n            <svg className=\"h-3 w-3\" fill=\"none\" stroke=\"currentColor\" viewBox=\"0 0 24 24\">\n              <path strokeLinecap=\"round\" strokeLinejoin=\"round\" strokeWidth=\"2\" d=\"M5 13l4 4L19 7\" \/>\n            <\/svg>\n          <\/div>\n<p>          <span className=\"text-muted-foreground\">Cordelette de serrage pour un maintien s\u00e9curis\u00e9<\/span>\n        <\/li>\n<\/ul><\/div>\n<\/p><\/div>\n<div className=\"mt-8 rounded-lg bg-[#f8f3e9] p-6\">\n<h4 className=\"font-serif text-lg font-medium text-[#b8860b]\">Dimensions<\/h4>\n<ul className=\"mt-2 text-muted-foreground space-y-2 list-disc list-inside\">\n<li>Longueur : 265&nbsp;cm<\/li>\n<li>Largeur : 125&nbsp;cm<\/li>\n<li>Hauteur : 80&nbsp;cm<\/li>\n<\/ul><\/div>\n<\/div>\n","protected":false},"excerpt":{"rendered":"<p>Housse de table ou canap\u00e9 \u2013 265&nbsp;x&nbsp;125&nbsp;cm Pr\u00e9parez votre mobilier d\u2019ext\u00e9rieur pour l\u2019hiver avec cette housse de protection r\u00e9sistante et \u00e9l\u00e9gante. Con\u00e7ue pour prot\u00e9ger efficacement contre la pluie, la poussi\u00e8re, les salissures et les rayons UV, elle est id\u00e9ale pour couvrir une grande table ou un canap\u00e9 d\u2019ext\u00e9rieur tel que le mod\u00e8le Barcelona. Fabriqu\u00e9e en [&hellip;]<\/p>\n","protected":false},"featured_media":530,"comment_status":"open","ping_status":"closed","template":"","meta":[],"product_brand":[],"product_cat":[15],"product_tag":[39],"class_list":{"0":"post-529","1":"product","2":"type-product","3":"status-publish","4":"has-post-thumbnail","6":"product_cat-accessoires","7":"product_tag-homepage","8":"product_shipping_class-light","10":"first","11":"instock","12":"shipping-taxable","13":"purchasable","14":"product-type-simple"},"_links":{"self":[{"href":"https:\/\/admin.enjoy-garden.co.il\/he\/wp-json\/wp\/v2\/product\/529","targetHints":{"allow":["GET"]}}],"collection":[{"href":"https:\/\/admin.enjoy-garden.co.il\/he\/wp-json\/wp\/v2\/product"}],"about":[{"href":"https:\/\/admin.enjoy-garden.co.il\/he\/wp-json\/wp\/v2\/types\/product"}],"replies":[{"embeddable":true,"href":"https:\/\/admin.enjoy-garden.co.il\/he\/wp-json\/wp\/v2\/comments?post=529"}],"wp:featuredmedia":[{"embeddable":true,"href":"https:\/\/admin.enjoy-garden.co.il\/he\/wp-json\/wp\/v2\/media\/530"}],"wp:attachment":[{"href":"https:\/\/admin.enjoy-garden.co.il\/he\/wp-json\/wp\/v2\/media?parent=529"}],"wp:term":[{"taxonomy":"product_brand","embeddable":true,"href":"https:\/\/admin.enjoy-garden.co.il\/he\/wp-json\/wp\/v2\/product_brand?post=529"},{"taxonomy":"product_cat","embeddable":true,"href":"https:\/\/admin.enjoy-garden.co.il\/he\/wp-json\/wp\/v2\/product_cat?post=529"},{"taxonomy":"product_tag","embeddable":true,"href":"https:\/\/admin.enjoy-garden.co.il\/he\/wp-json\/wp\/v2\/product_tag?post=529"}],"curies":[{"name":"wp","href":"https:\/\/api.w.org\/{rel}","templated":true}]}}