{"id":527,"date":"2025-05-29T17:34:40","date_gmt":"2025-05-29T17:34:40","guid":{"rendered":"https:\/\/admin.enjoy-garden.co.il\/?post_type=product&#038;p=527"},"modified":"2025-05-29T18:30:36","modified_gmt":"2025-05-29T18:30:36","slug":"housse-pour-table-125-x-225-cm","status":"publish","type":"product","link":"https:\/\/admin.enjoy-garden.co.il\/he\/product\/housse-pour-table-125-x-225-cm\/","title":{"rendered":"Housse pour table 225 x 125 cm"},"content":{"rendered":"<div className=\"space-y-6\">\n<div className=\"grid grid-cols-1 gap-8 md:grid-cols-2\">\n<div>\n<h3 className=\"font-serif text-xl font-medium\">Housse de table rectangulaire \u2013 225&nbsp;x&nbsp;125&nbsp;cm<\/h3>\n<p className=\"mt-4 text-muted-foreground leading-relaxed\">\n        Vous avez une table rectangulaire sur votre balcon ou dans votre jardin et souhaitez la garder propre et comme neuve le plus longtemps possible&nbsp;?<br \/>\n        Cette housse est faite pour vous&nbsp;!\n      <\/p>\n<p className=\"mt-4 text-muted-foreground leading-relaxed\">\n        Con\u00e7ue pour prot\u00e9ger efficacement contre la pluie, le soleil, la poussi\u00e8re et la salet\u00e9, cette housse convient parfaitement aux grandes tables \u00e0 manger d\u2019ext\u00e9rieur.<br \/>\n        Elle est dot\u00e9e de trous d\u2019a\u00e9ration pour \u00e9viter la condensation, de poign\u00e9es pratiques et d\u2019un cordon de serrage pour un maintien optimal.\n      <\/p>\n<\/p><\/div>\n<div>\n<h3 className=\"font-serif text-xl font-medium\">Caract\u00e9ristiques<\/h3>\n<ul className=\"mt-4 space-y-3\">\n<li className=\"flex items-start gap-3\">\n<div className=\"mt-1 flex h-5 w-5 items-center justify-center rounded-full bg-[#f8f3e9] text-[#b8860b]\">\n            <svg className=\"h-3 w-3\" fill=\"none\" stroke=\"currentColor\" viewBox=\"0 0 24 24\">\n              <path strokeLinecap=\"round\" strokeLinejoin=\"round\" strokeWidth=\"2\" d=\"M5 13l4 4L19 7\" \/>\n            <\/svg>\n          <\/div>\n<p>          <span className=\"text-muted-foreground\">Prot\u00e8ge du soleil, de la pluie, de la poussi\u00e8re et des salissures<\/span>\n        <\/li>\n<li className=\"flex items-start gap-3\">\n<div className=\"mt-1 flex h-5 w-5 items-center justify-center rounded-full bg-[#f8f3e9] text-[#b8860b]\">\n            <svg className=\"h-3 w-3\" fill=\"none\" stroke=\"currentColor\" viewBox=\"0 0 24 24\">\n              <path strokeLinecap=\"round\" strokeLinejoin=\"round\" strokeWidth=\"2\" d=\"M5 13l4 4L19 7\" \/>\n            <\/svg>\n          <\/div>\n<p>          <span className=\"text-muted-foreground\">Id\u00e9ale pour les grandes tables \u00e0 manger rectangulaires<\/span>\n        <\/li>\n<li className=\"flex items-start gap-3\">\n<div className=\"mt-1 flex h-5 w-5 items-center justify-center rounded-full bg-[#f8f3e9] text-[#b8860b]\">\n            <svg className=\"h-3 w-3\" fill=\"none\" stroke=\"currentColor\" viewBox=\"0 0 24 24\">\n              <path strokeLinecap=\"round\" strokeLinejoin=\"round\" strokeWidth=\"2\" d=\"M5 13l4 4L19 7\" \/>\n            <\/svg>\n          <\/div>\n<p>          <span className=\"text-muted-foreground\">Trous d\u2019a\u00e9ration pour \u00e9viter la moisissure et l\u2019humidit\u00e9<\/span>\n        <\/li>\n<li className=\"flex items-start gap-3\">\n<div className=\"mt-1 flex h-5 w-5 items-center justify-center rounded-full bg-[#f8f3e9] text-[#b8860b]\">\n            <svg className=\"h-3 w-3\" fill=\"none\" stroke=\"currentColor\" viewBox=\"0 0 24 24\">\n              <path strokeLinecap=\"round\" strokeLinejoin=\"round\" strokeWidth=\"2\" d=\"M5 13l4 4L19 7\" \/>\n            <\/svg>\n          <\/div>\n<p>          <span className=\"text-muted-foreground\">Poign\u00e9es lat\u00e9rales pour une manipulation facile<\/span>\n        <\/li>\n<li className=\"flex items-start gap-3\">\n<div className=\"mt-1 flex h-5 w-5 items-center justify-center rounded-full bg-[#f8f3e9] text-[#b8860b]\">\n            <svg className=\"h-3 w-3\" fill=\"none\" stroke=\"currentColor\" viewBox=\"0 0 24 24\">\n              <path strokeLinecap=\"round\" strokeLinejoin=\"round\" strokeWidth=\"2\" d=\"M5 13l4 4L19 7\" \/>\n            <\/svg>\n          <\/div>\n<p>          <span className=\"text-muted-foreground\">Cordon de serrage pour un maintien s\u00e9curis\u00e9 m\u00eame par vent<\/span>\n        <\/li>\n<li className=\"flex items-start gap-3\">\n<div className=\"mt-1 flex h-5 w-5 items-center justify-center rounded-full bg-[#f8f3e9] text-[#b8860b]\">\n            <svg className=\"h-3 w-3\" fill=\"none\" stroke=\"currentColor\" viewBox=\"0 0 24 24\">\n              <path strokeLinecap=\"round\" strokeLinejoin=\"round\" strokeWidth=\"2\" d=\"M5 13l4 4L19 7\" \/>\n            <\/svg>\n          <\/div>\n<p>          <span className=\"text-muted-foreground\">Polyester 600D de haute qualit\u00e9 \u2013 160&nbsp;g\/m\u00b2<\/span>\n        <\/li>\n<\/ul><\/div>\n<\/p><\/div>\n<div className=\"mt-8 rounded-lg bg-[#f8f3e9] p-6\">\n<h4 className=\"font-serif text-lg font-medium text-[#b8860b]\">Dimensions<\/h4>\n<ul className=\"mt-2 text-muted-foreground space-y-2 list-disc list-inside\">\n<li>Longueur : 225&nbsp;cm<\/li>\n<li>Largeur : 125&nbsp;cm<\/li>\n<li>Hauteur : 80&nbsp;cm<\/li>\n<\/ul><\/div>\n<\/div>\n","protected":false},"excerpt":{"rendered":"<p>Housse de table rectangulaire \u2013 225&nbsp;x&nbsp;125&nbsp;cm Vous avez une table rectangulaire sur votre balcon ou dans votre jardin et souhaitez la garder propre et comme neuve le plus longtemps possible&nbsp;? Cette housse est faite pour vous&nbsp;! Con\u00e7ue pour prot\u00e9ger efficacement contre la pluie, le soleil, la poussi\u00e8re et la salet\u00e9, cette housse convient parfaitement aux [&hellip;]<\/p>\n","protected":false},"featured_media":530,"comment_status":"open","ping_status":"closed","template":"","meta":[],"product_brand":[],"product_cat":[15],"product_tag":[],"class_list":{"0":"post-527","1":"product","2":"type-product","3":"status-publish","4":"has-post-thumbnail","6":"product_cat-accessoires","7":"product_shipping_class-light","9":"first","10":"instock","11":"shipping-taxable","12":"purchasable","13":"product-type-simple"},"_links":{"self":[{"href":"https:\/\/admin.enjoy-garden.co.il\/he\/wp-json\/wp\/v2\/product\/527","targetHints":{"allow":["GET"]}}],"collection":[{"href":"https:\/\/admin.enjoy-garden.co.il\/he\/wp-json\/wp\/v2\/product"}],"about":[{"href":"https:\/\/admin.enjoy-garden.co.il\/he\/wp-json\/wp\/v2\/types\/product"}],"replies":[{"embeddable":true,"href":"https:\/\/admin.enjoy-garden.co.il\/he\/wp-json\/wp\/v2\/comments?post=527"}],"wp:featuredmedia":[{"embeddable":true,"href":"https:\/\/admin.enjoy-garden.co.il\/he\/wp-json\/wp\/v2\/media\/530"}],"wp:attachment":[{"href":"https:\/\/admin.enjoy-garden.co.il\/he\/wp-json\/wp\/v2\/media?parent=527"}],"wp:term":[{"taxonomy":"product_brand","embeddable":true,"href":"https:\/\/admin.enjoy-garden.co.il\/he\/wp-json\/wp\/v2\/product_brand?post=527"},{"taxonomy":"product_cat","embeddable":true,"href":"https:\/\/admin.enjoy-garden.co.il\/he\/wp-json\/wp\/v2\/product_cat?post=527"},{"taxonomy":"product_tag","embeddable":true,"href":"https:\/\/admin.enjoy-garden.co.il\/he\/wp-json\/wp\/v2\/product_tag?post=527"}],"curies":[{"name":"wp","href":"https:\/\/api.w.org\/{rel}","templated":true}]}}