{"id":2590,"date":"2025-11-30T08:30:42","date_gmt":"2025-11-30T08:30:42","guid":{"rendered":"https:\/\/admin.enjoy-garden.co.il\/product\/province\/"},"modified":"2025-11-30T08:30:42","modified_gmt":"2025-11-30T08:30:42","slug":"province","status":"publish","type":"product","link":"https:\/\/admin.enjoy-garden.co.il\/en\/product\/province\/","title":{"rendered":"Province"},"content":{"rendered":"<div classname=\"space-y-6\">\n<div classname=\"grid grid-cols-1 gap-8 md:grid-cols-2\">\n<div>\n<h3 classname=\"font-serif text-xl font-medium\">About aluminum corner garden furniture<\/h3>\n<p classname=\"mt-4 text-muted-foreground leading-relaxed\">\n Ce <strong>salon de jardin d&#8217;angle en forme de L<\/strong> allie design moderne et robustesse exceptionnelle.<br \/>\nSa structure en <strong>100% aluminium<\/strong> est con\u00e7ue d&#8217;un seul bloc : elle ne poss\u00e8de <strong>aucune visserie<\/strong> et ne n\u00e9cessite <strong>aucun montage<\/strong>, garantissant une durabilit\u00e9 maximale face aux intemp\u00e9ries.<br \/>\nL\u2019ensemble comprend un <strong>canap\u00e9 d&#8217;angle modulable<\/strong> en trois parties et une <strong>table basse carr\u00e9e<\/strong>.<br \/>\nLes <strong>coussins d\u2019assise et de dossier<\/strong> sont \u00e9pais, confortables et enti\u00e8rement d\u00e9houssables pour un entretien facile.<br \/>\nDisponible en deux finitions : structure blanche ou gris anthracite.\n      <\/p>\n<\/p><\/div>\n<div>\n<h3 classname=\"font-serif text-xl font-medium\">Features<\/h3>\n<ul classname=\"mt-4 space-y-3\">\n<li classname=\"flex items-start gap-3\">\n<div classname=\"mt-1 flex h-5 w-5 items-center justify-center rounded-full bg-[#f8f3e9] text-[#b8860b]\">\n            <svg classname=\"h-3 w-3\" fill=\"none\" stroke=\"currentColor\" viewbox=\"0 0 24 24\">\n              <path strokelinecap=\"round\" strokelinejoin=\"round\" strokewidth=\"2\" d=\"M5 13l4 4L19 7\"\/>\n            <\/svg>\n          <\/div>\n<p>          <span classname=\"text-muted-foreground\">100% aluminium structure &#8211; unassembled and rustproof<\/span>\n        <\/li>\n<li classname=\"flex items-start gap-3\">\n<div classname=\"mt-1 flex h-5 w-5 items-center justify-center rounded-full bg-[#f8f3e9] text-[#b8860b]\">\n            <svg classname=\"h-3 w-3\" fill=\"none\" stroke=\"currentColor\" viewbox=\"0 0 24 24\">\n              <path strokelinecap=\"round\" strokelinejoin=\"round\" strokewidth=\"2\" d=\"M5 13l4 4L19 7\"\/>\n            <\/svg>\n          <\/div>\n<p>          <span classname=\"text-muted-foreground\">Zippered cushion covers &#8211; washable and practical<\/span>\n        <\/li>\n<li classname=\"flex items-start gap-3\">\n<div classname=\"mt-1 flex h-5 w-5 items-center justify-center rounded-full bg-[#f8f3e9] text-[#b8860b]\">\n            <svg classname=\"h-3 w-3\" fill=\"none\" stroke=\"currentColor\" viewbox=\"0 0 24 24\">\n              <path strokelinecap=\"round\" strokelinejoin=\"round\" strokewidth=\"2\" d=\"M5 13l4 4L19 7\"\/>\n            <\/svg>\n          <\/div>\n<p>          <span classname=\"text-muted-foreground\">Corner sofa: 200 \u00d7 200 \u00d7 81 cm (depth)<\/span>\n        <\/li>\n<li classname=\"flex items-start gap-3\">\n<div classname=\"mt-1 flex h-5 w-5 items-center justify-center rounded-full bg-[#f8f3e9] text-[#b8860b]\">\n            <svg classname=\"h-3 w-3\" fill=\"none\" stroke=\"currentColor\" viewbox=\"0 0 24 24\">\n              <path strokelinecap=\"round\" strokelinejoin=\"round\" strokewidth=\"2\" d=\"M5 13l4 4L19 7\"\/>\n            <\/svg>\n          <\/div>\n<p>          <span classname=\"text-muted-foreground\">Coffee table: 70 \u00d7 70 \u00d7 48 cm (Height)<\/span>\n        <\/li>\n<li classname=\"flex items-start gap-3\">\n<div classname=\"mt-1 flex h-5 w-5 items-center justify-center rounded-full bg-[#f8f3e9] text-[#b8860b]\">\n            <svg classname=\"h-3 w-3\" fill=\"none\" stroke=\"currentColor\" viewbox=\"0 0 24 24\">\n              <path strokelinecap=\"round\" strokelinejoin=\"round\" strokewidth=\"2\" d=\"M5 13l4 4L19 7\"\/>\n            <\/svg>\n          <\/div>\n<p>          <span classname=\"text-muted-foreground\">Colors: White\/Grey or full Anthracite Grey<\/span>\n        <\/li>\n<li classname=\"flex items-start gap-3\">\n<div classname=\"mt-1 flex h-5 w-5 items-center justify-center rounded-full bg-[#f8f3e9] text-[#b8860b]\">\n            <svg classname=\"h-3 w-3\" fill=\"none\" stroke=\"currentColor\" viewbox=\"0 0 24 24\">\n              <path strokelinecap=\"round\" strokelinejoin=\"round\" strokewidth=\"2\" d=\"M5 13l4 4L19 7\"\/>\n            <\/svg>\n          <\/div>\n<\/li>\n<\/ul><\/div>\n<\/p><\/div>\n<\/div>\n","protected":false},"excerpt":{"rendered":"<p>About aluminum corner garden furniture Ce salon de jardin d&#8217;angle en forme de L allie design moderne et robustesse exceptionnelle. Sa structure en 100% aluminium est con\u00e7ue d&#8217;un seul bloc : elle ne poss\u00e8de aucune visserie et ne n\u00e9cessite aucun montage, garantissant une durabilit\u00e9 maximale face aux intemp\u00e9ries. L\u2019ensemble comprend un canap\u00e9 d&#8217;angle modulable en [&hellip;]<\/p>\n","protected":false},"featured_media":2585,"comment_status":"open","ping_status":"closed","template":"","meta":[],"product_brand":[],"product_cat":[63],"product_tag":[],"class_list":{"0":"post-2590","1":"product","2":"type-product","3":"status-publish","4":"has-post-thumbnail","6":"product_cat-garden-furniture","7":"product_shipping_class-delivery","9":"first","10":"instock","11":"sale","12":"shipping-taxable","13":"purchasable","14":"product-type-variable"},"_links":{"self":[{"href":"https:\/\/admin.enjoy-garden.co.il\/en\/wp-json\/wp\/v2\/product\/2590","targetHints":{"allow":["GET"]}}],"collection":[{"href":"https:\/\/admin.enjoy-garden.co.il\/en\/wp-json\/wp\/v2\/product"}],"about":[{"href":"https:\/\/admin.enjoy-garden.co.il\/en\/wp-json\/wp\/v2\/types\/product"}],"replies":[{"embeddable":true,"href":"https:\/\/admin.enjoy-garden.co.il\/en\/wp-json\/wp\/v2\/comments?post=2590"}],"wp:featuredmedia":[{"embeddable":true,"href":"https:\/\/admin.enjoy-garden.co.il\/en\/wp-json\/wp\/v2\/media\/2585"}],"wp:attachment":[{"href":"https:\/\/admin.enjoy-garden.co.il\/en\/wp-json\/wp\/v2\/media?parent=2590"}],"wp:term":[{"taxonomy":"product_brand","embeddable":true,"href":"https:\/\/admin.enjoy-garden.co.il\/en\/wp-json\/wp\/v2\/product_brand?post=2590"},{"taxonomy":"product_cat","embeddable":true,"href":"https:\/\/admin.enjoy-garden.co.il\/en\/wp-json\/wp\/v2\/product_cat?post=2590"},{"taxonomy":"product_tag","embeddable":true,"href":"https:\/\/admin.enjoy-garden.co.il\/en\/wp-json\/wp\/v2\/product_tag?post=2590"}],"curies":[{"name":"wp","href":"https:\/\/api.w.org\/{rel}","templated":true}]}}