{"id":1041,"date":"2025-05-28T07:03:32","date_gmt":"2025-05-28T07:03:32","guid":{"rendered":"https:\/\/admin.enjoy-garden.co.il\/product\/elegant-large\/"},"modified":"2025-05-28T07:03:32","modified_gmt":"2025-05-28T07:03:32","slug":"elegant-large","status":"publish","type":"product","link":"https:\/\/admin.enjoy-garden.co.il\/en\/product\/elegant-large\/","title":{"rendered":"Elegant &#8211; Large"},"content":{"rendered":"<div classname=\"space-y-6\">\n<div classname=\"grid grid-cols-1 gap-8 md:grid-cols-2\">\n<div>\n<h3 classname=\"font-serif text-xl font-medium\">About \u00c9L\u00c9GANT garden furniture<\/h3>\n<p classname=\"mt-4 text-muted-foreground leading-relaxed\">\n  The <strong>\u00c9L\u00c9GANT<\/strong> model is a modern, functional garden lounge, designed in <strong>durable plastic<\/strong> for long-lasting outdoor use.<br \/>\n It comprises <strong>4 elements<\/strong>: a two-seater sofa, two single armchairs and a matching coffee table with a design aesthetic.<br \/>\n Thanks to its <strong>stackable<\/strong> structure, this lounge is as practical to store as it is to set up.<br \/>\n Available in three sober, contemporary colors: <strong>dark gray<\/strong>, <strong>beige<\/strong> or <strong>white<\/strong>.\n      <\/p>\n<\/p><\/div>\n<div>\n<h3 classname=\"font-serif text-xl font-medium\">Features<\/h3>\n<ul classname=\"mt-4 space-y-3\">\n<li classname=\"flex items-start gap-3\">\n<div classname=\"mt-1 flex h-5 w-5 items-center justify-center rounded-full bg-[#f0efea] text-[#b8860b]\">\n            <svg classname=\"h-3 w-3\" fill=\"none\" stroke=\"currentColor\" viewbox=\"0 0 24 24\">\n              <path strokelinecap=\"round\" strokelinejoin=\"round\" strokewidth=\"2\" d=\"M5 13l4 4L19 7\"\/>\n            <\/svg>\n          <\/div>\n<p>          <span classname=\"text-muted-foreground\">Sturdy, lightweight 100% plastic structure<\/span>\n        <\/li>\n<li classname=\"flex items-start gap-3\">\n<div classname=\"mt-1 flex h-5 w-5 items-center justify-center rounded-full bg-[#f0efea] text-[#b8860b]\">\n            <svg classname=\"h-3 w-3\" fill=\"none\" stroke=\"currentColor\" viewbox=\"0 0 24 24\">\n              <path strokelinecap=\"round\" strokelinejoin=\"round\" strokewidth=\"2\" d=\"M5 13l4 4L19 7\"\/>\n            <\/svg>\n          <\/div>\n<p>          <span classname=\"text-muted-foreground\">Stackable &#8211; easy to store and stack<\/span>\n        <\/li>\n<li classname=\"flex items-start gap-3\">\n<div classname=\"mt-1 flex h-5 w-5 items-center justify-center rounded-full bg-[#f0efea] text-[#b8860b]\">\n            <svg classname=\"h-3 w-3\" fill=\"none\" stroke=\"currentColor\" viewbox=\"0 0 24 24\">\n              <path strokelinecap=\"round\" strokelinejoin=\"round\" strokewidth=\"2\" d=\"M5 13l4 4L19 7\"\/>\n            <\/svg>\n          <\/div>\n<p>          <span classname=\"text-muted-foreground\">Available colors: dark gray, beige, white<\/span>\n        <\/li>\n<li classname=\"flex items-start gap-3\">\n<div classname=\"mt-1 flex h-5 w-5 items-center justify-center rounded-full bg-[#f0efea] text-[#b8860b]\">\n            <svg classname=\"h-3 w-3\" fill=\"none\" stroke=\"currentColor\" viewbox=\"0 0 24 24\">\n              <path strokelinecap=\"round\" strokelinejoin=\"round\" strokewidth=\"2\" d=\"M5 13l4 4L19 7\"\/>\n            <\/svg>\n          <\/div>\n<p>          <span classname=\"text-muted-foreground\">2-seater sofa: 118 \u00d7 70 \u00d7 77 cm<\/span>\n        <\/li>\n<li classname=\"flex items-start gap-3\">\n<div classname=\"mt-1 flex h-5 w-5 items-center justify-center rounded-full bg-[#f0efea] text-[#b8860b]\">\n            <svg classname=\"h-3 w-3\" fill=\"none\" stroke=\"currentColor\" viewbox=\"0 0 24 24\">\n              <path strokelinecap=\"round\" strokelinejoin=\"round\" strokewidth=\"2\" d=\"M5 13l4 4L19 7\"\/>\n            <\/svg>\n          <\/div>\n<p>          <span classname=\"text-muted-foreground\">Armchair: 69.5 \u00d7 70 \u00d7 77 cm<\/span>\n        <\/li>\n<li classname=\"flex items-start gap-3\">\n<div classname=\"mt-1 flex h-5 w-5 items-center justify-center rounded-full bg-[#f0efea] text-[#b8860b]\">\n            <svg classname=\"h-3 w-3\" fill=\"none\" stroke=\"currentColor\" viewbox=\"0 0 24 24\">\n              <path strokelinecap=\"round\" strokelinejoin=\"round\" strokewidth=\"2\" d=\"M5 13l4 4L19 7\"\/>\n            <\/svg>\n          <\/div>\n<p>          <span classname=\"text-muted-foreground\">Coffee table: 95 \u00d7 53.5 \u00d7 39 cm<\/span>\n        <\/li>\n<\/ul><\/div>\n<\/p><\/div>\n<\/div>\n","protected":false},"excerpt":{"rendered":"<p>About \u00c9L\u00c9GANT garden furniture The \u00c9L\u00c9GANT model is a modern, functional garden lounge, designed in durable plastic for long-lasting outdoor use. It comprises 4 elements: a two-seater sofa, two single armchairs and a matching coffee table with a design aesthetic. Thanks to its stackable structure, this lounge is as practical to store as it is [&hellip;]<\/p>\n","protected":false},"featured_media":888,"comment_status":"open","ping_status":"closed","template":"","meta":[],"product_brand":[],"product_cat":[63],"product_tag":[],"class_list":{"0":"post-1041","1":"product","2":"type-product","3":"status-publish","4":"has-post-thumbnail","6":"product_cat-garden-furniture","7":"product_shipping_class-delivery","9":"first","10":"instock","11":"sale","12":"shipping-taxable","13":"purchasable","14":"product-type-variable"},"_links":{"self":[{"href":"https:\/\/admin.enjoy-garden.co.il\/en\/wp-json\/wp\/v2\/product\/1041","targetHints":{"allow":["GET"]}}],"collection":[{"href":"https:\/\/admin.enjoy-garden.co.il\/en\/wp-json\/wp\/v2\/product"}],"about":[{"href":"https:\/\/admin.enjoy-garden.co.il\/en\/wp-json\/wp\/v2\/types\/product"}],"replies":[{"embeddable":true,"href":"https:\/\/admin.enjoy-garden.co.il\/en\/wp-json\/wp\/v2\/comments?post=1041"}],"wp:featuredmedia":[{"embeddable":true,"href":"https:\/\/admin.enjoy-garden.co.il\/en\/wp-json\/wp\/v2\/media\/888"}],"wp:attachment":[{"href":"https:\/\/admin.enjoy-garden.co.il\/en\/wp-json\/wp\/v2\/media?parent=1041"}],"wp:term":[{"taxonomy":"product_brand","embeddable":true,"href":"https:\/\/admin.enjoy-garden.co.il\/en\/wp-json\/wp\/v2\/product_brand?post=1041"},{"taxonomy":"product_cat","embeddable":true,"href":"https:\/\/admin.enjoy-garden.co.il\/en\/wp-json\/wp\/v2\/product_cat?post=1041"},{"taxonomy":"product_tag","embeddable":true,"href":"https:\/\/admin.enjoy-garden.co.il\/en\/wp-json\/wp\/v2\/product_tag?post=1041"}],"curies":[{"name":"wp","href":"https:\/\/api.w.org\/{rel}","templated":true}]}}